{"id":2183,"date":"2016-08-11T12:02:44","date_gmt":"2016-08-11T10:02:44","guid":{"rendered":"http:\/\/sifmuntenia.ro\/en\/?page_id=2183"},"modified":"2021-02-09T13:45:26","modified_gmt":"2021-02-09T11:45:26","slug":"nicusor-marian-buica","status":"publish","type":"page","link":"https:\/\/www.longshield.ro\/en\/about-the-company\/management\/asset-management\/nicusor-marian-buica\/","title":{"rendered":"Nicusor Marian Buica"},"content":{"rendered":"<h2>Career<\/h2>\n<p><strong>Board Member ICPE SA<\/strong> June, 2019 \u2013 ongoing<br \/>\nResearch &#8211; development in other sciences and engineering<br \/>\n<strong>Board Member CONPET SA<\/strong>\u00a0September, 2019 \u2013 ongoing<br \/>\nPipeline transport<br \/>\n<strong>Board Member BIOFARM SA<\/strong>\u00a0September, 2020 \u2013 ongoing<br \/>\nManufacture of pharmaceutical preparations<br \/>\n<strong>Board Member COCOR SA<\/strong>\u00a0March, 2018 \u2013 ongoing<br \/>\nReal estate activities on a fee or contract basis<br \/>\n<strong>General Manager SAI Muntenia Invest SA<\/strong>\u00a0December, 2017 &#8211; ongoing<br \/>\nAsset management company (Alternative Investments Fund Manager)<br \/>\n<strong>Board Member INCERTRANS SA<\/strong>\u00a0May, 2017 &#8211; ongoing<br \/>\nResearch &#8211; Design Institute<br \/>\n<strong>Board Member SAI Muntenia Invest SA<\/strong>\u00a0December, 2016 \u2013 December, 2017<br \/>\nAsset management company (Alternative Investments Fund Manager)<br \/>\n<strong>Board Member Swiss Capital SA<\/strong>\u00a0June, 2016 \u2013December, 2016<br \/>\nFinancial Services and Brokerage Company &#8211; Member of Bucharest Stock Exchange<br \/>\n<strong>Director Romenergo<\/strong>\u00a0May, 2016 \u2013 Octomber, 2016<br \/>\nEnergy activities<br \/>\n<strong>State Secretary Ministry of European Investments and Projects<\/strong>\u00a0Octomber, 2015 \u2013April, 2016<br \/>\nCentral Public Authority<br \/>\n<strong>Board Member CN \u201eLoteria Rom\u00e2n\u0103\u201d S.A.<\/strong>\u00a0Februarie 2015 \u2013 Septembrie 2015<br \/>\nDevelopment, organization, administration and operation of gambling<br \/>\n<strong>Board Member Enel Energie Muntenia<\/strong> SA\u00a0December, 2014 \u2013 July, 2015<br \/>\nElectricity trading<br \/>\n<strong>Adviser to the Minister for the Budget Ministry of Public Finance<\/strong>\u00a0August ,2014- December, 2014<br \/>\nCentral Public Authority<br \/>\n<strong>State Secretary Ministry of Transport<\/strong>\u00a0March, 2013 \u2013 March, 2014<br \/>\nCentral Public Authority<br \/>\n<strong>Adviser of the Secretary of the State<\/strong>\u00a0June, 2012 \u2013 November. 2012<br \/>\nMinistry of Environment and Climate Change<br \/>\nCentral Public Authority<br \/>\n<strong>Chairman of the Board of Directors\u00a0Dunapref SA<\/strong> July, 2010 \u2013 June, 2012<br \/>\nPrefabricated for civil construction, roads, bridges, railways<br \/>\n<strong>Business Manager Apolodor Com Impex<\/strong>\u00a0January, 2008 \u2013 May, 2009<br \/>\nSpecial foundations, Infrastructure works, Demolition, Civil engineering<br \/>\n<strong>Board Member \u2013 Managing Director\u00a0Elpreco SA<\/strong>\u00a0March, 2005 \u2013 December, 2007<br \/>\nManufacturer of construction materials<br \/>\n<strong>Development Director\u00a0Elpreco SA<\/strong>\u00a0Octomber, 2001 \u2013 March, 2005<br \/>\nManufacturer of construction materials<br \/>\n<strong>Managing Director\u00a0Active International SA<\/strong>\u00a02007 \u2013 July, 2009<br \/>\nFinancial Services and Brokerage Company &#8211; Member of Bucharest Stock Exchange<br \/>\n<strong>Compliance Office\u00a0Active International SA<\/strong>\u00a0February, 2004 &#8211; 2006<br \/>\nFinancial Services and Brokerage Company &#8211; Member of Bucharest Stock Exchange<br \/>\n<strong>Broker Active International S.A.<\/strong>\u00a0January, 1998- September, 2001<br \/>\nFinancial Services and Brokerage Company &#8211; Member of Bucharest Stock Exchange<br \/>\n<strong>Continuous professional development<\/strong><br \/>\nAS Financial Markets<br \/>\nOctober 1st, 2020 \u2013 November 20, 2020<br \/>\n<strong>Continuous professional development<\/strong><br \/>\nAS Financial Markets<br \/>\nOctober 11, 2019 \u2013 November 28, 2019<br \/>\n<strong>Continuous professional development<\/strong><br \/>\nAS Financial Markets<br \/>\nOctober 1st, 2018 \u2013 October 29, 2018<br \/>\n<strong>Innovation Manager<\/strong><br \/>\nMinistry of National Education and Scientific Research<br \/>\nNovember, 2017<br \/>\n<strong>Innovation Manager<\/strong><br \/>\nCIT \u2013 IRECSON Centrul de Informare Tehnologic\u0103 SRL<br \/>\nOctober, 2017 \u2013 November, 2017<br \/>\n<strong>Postgraduate training program and continuous professional development<\/strong><br \/>\nMihai Viteazul National Intelligence Academy<br \/>\nMarch, 2014 \u2013 June, 2014<br \/>\n<strong>Defense Diplomacy<\/strong><br \/>\nLucian Blaga University of Sibiu<br \/>\nSeptember, 2013 \u2013 June, 2015<br \/>\n<strong>Master of Business Administration graduation certificate, no.200513205 of November 22, 2005<\/strong><br \/>\nTurnaround Management; Marketing management; Manager economics; Investment management; Business policy<br \/>\nCity University, State of Washington, USA<br \/>\nEMBA<br \/>\nOctober, 2003 \u2013 March, 2005<br \/>\n<strong>Graduation certificate PROFESSIONAL SALES MANAGEMENT\u00a0<\/strong><br \/>\nSales techniques and methods; Modern systems for organizing sales departments<br \/>\nBucharest Chamber of Commerce and Industry and Royal Trading House S.R.L.<br \/>\n16 \u2013 25 Septembrie 2005<br \/>\n<strong>Bachelor&#8217;s degree in Economics, series U, no. 0041447 \/ February, 2003, Economic Profile, Banking Financial Management Specialization<\/strong><br \/>\nManagement financiar; Finan\u0163e b\u0103nci; Economia \u015fi rolul b\u0103ncilor; Metode, instrumente \u015fi tehnici de plat\u0103; Analiza financiar\u0103 a agen\u0163ilor economici; Introducere \u00een marketing; Finan\u0163area \u00een comer\u0163ul interna\u0163ional; Eficien\u0163a \u015fi evaluarea investi\u0163iilor; Managementul activelor \u015fi pasivelor<br \/>\nFaculty of Economics, University of Craiova<br \/>\nBachelor&#8217;s degree<br \/>\n1998 \u2013 2003<br \/>\n<strong>Diploma of sub-engineer series P, no. 004495 \/ June 1997,<\/strong><br \/>\nMechanical Profile, Materials Specialization and Defectoscopy<br \/>\nValedictorian<br \/>\nMechanics; Material resistance; Appliances; Electric machines; Thermal machines; Constructive elements of fine mechanics<br \/>\nUniversity POLITEHNICA of Bucharest<br \/>\nGraduate Diploma<br \/>\n1994 \u2013 1997<\/p>\n<h2>Foreign languages<\/h2>\n<p>English<br \/>\nFrench<br \/>\n<strong>Personal skills and competences<\/strong><br \/>\n<strong>Social skills<\/strong><br \/>\nGood ability to adapt to multicultural environments, team spirit. Skills verified in a professional context<br \/>\n<strong>Organisational skills<\/strong><\/p>\n<h2>Planning skills<\/h2>\n<p><strong>Technical skills<\/strong><br \/>\nIn-depth knowledge in the field of company management. Sales systems. Ability to analyze and implement new projects. Knowledge in the field of financial management.<br \/>\nTechnical knowledge in the field of mechanical industrial processes and in the field of machine building technologies.<br \/>\nCoordinating and guiding skills in production and sales activities.<br \/>\n<strong>Computer skills<\/strong><br \/>\nMicrosoft Office Pack<\/p>\n","protected":false},"excerpt":{"rendered":"<p>Career Board Member ICPE SA June, 2019 \u2013 ongoing Research &#8211; development in other sciences and engineering Board Member CONPET SA\u00a0September, 2019 \u2013 ongoing Pipeline transport Board Member BIOFARM SA\u00a0September, 2020 \u2013 ongoing Manufacture of pharmaceutical preparations Board Member COCOR SA\u00a0March, 2018 \u2013 ongoing Real estate activities on a fee or contract basis General Manager [&hellip;]<\/p>\n","protected":false},"author":4,"featured_media":0,"parent":1953,"menu_order":2,"comment_status":"closed","ping_status":"closed","template":"","meta":{"footnotes":""},"class_list":["post-2183","page","type-page","status-publish","hentry"],"_links":{"self":[{"href":"https:\/\/www.longshield.ro\/en\/wp-json\/wp\/v2\/pages\/2183","targetHints":{"allow":["GET"]}}],"collection":[{"href":"https:\/\/www.longshield.ro\/en\/wp-json\/wp\/v2\/pages"}],"about":[{"href":"https:\/\/www.longshield.ro\/en\/wp-json\/wp\/v2\/types\/page"}],"author":[{"embeddable":true,"href":"https:\/\/www.longshield.ro\/en\/wp-json\/wp\/v2\/users\/4"}],"replies":[{"embeddable":true,"href":"https:\/\/www.longshield.ro\/en\/wp-json\/wp\/v2\/comments?post=2183"}],"version-history":[{"count":25,"href":"https:\/\/www.longshield.ro\/en\/wp-json\/wp\/v2\/pages\/2183\/revisions"}],"predecessor-version":[{"id":4699,"href":"https:\/\/www.longshield.ro\/en\/wp-json\/wp\/v2\/pages\/2183\/revisions\/4699"}],"up":[{"embeddable":true,"href":"https:\/\/www.longshield.ro\/en\/wp-json\/wp\/v2\/pages\/1953"}],"wp:attachment":[{"href":"https:\/\/www.longshield.ro\/en\/wp-json\/wp\/v2\/media?parent=2183"}],"curies":[{"name":"wp","href":"https:\/\/api.w.org\/{rel}","templated":true}]}}