{"id":2191,"date":"2016-11-24T14:02:12","date_gmt":"2016-11-24T12:02:12","guid":{"rendered":"http:\/\/sifmuntenia.ro\/en\/?page_id=2191"},"modified":"2018-11-19T10:10:39","modified_gmt":"2018-11-19T08:10:39","slug":"privacy-policy","status":"publish","type":"page","link":"https:\/\/www.longshield.ro\/en\/privacy-policy\/","title":{"rendered":"Privacy Policy"},"content":{"rendered":"<h2>Colectarea \u0219i prelucrarea datelor cu caracter personal<\/h2>\n<p>Site-ul\u00a0<a href=\"https:\/\/www.longshield.ro\/\">https:\/\/www.longshield.ro\/<\/a>\u00a0reprezint\u0103 platforma online sub care comunic\u0103 Societatea de Investitii Financiare\u00a0 MUNTENIA SA cu sediul \u00een Bucure\u015ft, Splaiul Unirii nr.16, sector 4, \u00eenregistrat\u0103 la Registrul Comer\u0163ului sub num\u0103rul J40\/27499\/1992, Cod fiscal 3168735.<\/p>\n<p>Datele cu caracter personal vor fi stocate \u00een conformitate cu Regulamentul European nr. 679\/2016(\u00een continuare \u201cRegulament\u201d sau \u201cRegulamentul\u201d) privind protec\u021bia persoanelor fizice \u00een ceea ce prive\u0219te prelucrarea datelor cu caracter personal \u0219i privind libera circula\u021bie a acestor date \u0219i de abrogare a directivei 95\/46\/CE (Regulamentul general privind protec\u021bia datelor) doar atunci c\u00e2nd ne acorda\u021bi dreptul de a le prelucra.<\/p>\n<p>Deoarece acordul \u00een vederea utiliz\u0103rii datelor Dumneavoastr\u0103 \u00een scopurile mai sus men\u021bionate poate include \u0219i transmiterea acestora c\u0103tre partenerii no\u0219tri datele colectate pot fi redirec\u021bionate \u0219i c\u0103tre ace\u0219ti ter\u021bi.<\/p>\n<p>Conform cerin\u021belor Regulamentului, societatea, \u00een calitate de operator de date cu caracter personal, are obliga\u021bia de a administra \u00een condi\u021bii de siguran\u021b\u0103 \u0219i numai pentru scopurile specificate, datele personale pe care ni le furniza\u021bi despre dumneavoastr\u0103.<\/p>\n<p>Colectarea datelor se face pentru prelucrarea \u00een scopuri asociate produselor \u0219i serviciilor oferite de societate, cum ar fi contactarea dumneavoastr\u0103 (inclusiv prin po\u0219t\u0103, e-mail, fax, mesaje text sau telefon) \u00een leg\u0103tur\u0103 cu cererea de bunuri sau servicii ale acestuia. Informa\u021biile \u00eenregistrate sunt destinate utiliz\u0103rii de c\u0103tre operator \u0219i pot fi comunicate numai urm\u0103torilor destinatari: dumneavoastr\u0103, \u00eemputernicitul operatorului, partenerilor contractuali ai operatorului.<\/p>\n<h2>Drepturile dumneavoastr\u0103<\/h2>\n<p>Regulamentul confer\u0103 mai multe drepturi persoanelor c\u0103rora li se prelucreaz\u0103 date personale. Astfel, pe l\u00e2ng\u0103 drepturile existente \u00een prezent, reg\u0103sim \u0219i dreptul la portabilitatea datelor sau pe cel de \u0219tergere a datelor. Iat\u0103 pe scurt care sunt drepturile pe care le ave\u021bi:<\/p>\n<p><strong>Dreptul de acces<\/strong>\u00a0\u00eenseamn\u0103 c\u0103 ave\u021bi dreptul de a ob\u021bine o confirmare din partea noastr\u0103 c\u0103 prelucr\u0103m sau nu datele cu caracter personal care va privesc \u0219i, \u00een caz afirmativ, acces la datele respective \u0219i la informa\u021bii privind modalitatea \u00een care sunt prelucrate datele.<\/p>\n<p><strong>Dreptul la portabilitatea datelor<\/strong>\u00a0se refer\u0103 la (i) dreptul de a primi datele personale \u00eentr-un format structurat, utilizat \u00een mod curent \u0219i care poate fi citit automat \u0219i la (ii) dreptul ca aceste date s\u0103 fie transmise direct altui operator, dac\u0103 acest lucru este fezabil din punct de vedere tehnic.<\/p>\n<p><strong>Dreptul la opozi\u021bie<\/strong>\u00a0vizeaz\u0103 dreptul de a va opune prelucr\u0103rii datelor personale atunci c\u00e2nd prelucrarea este necesar\u0103 pentru \u00eendeplinirea unei sarcini care serve\u0219te unui interes public sau c\u00e2nd are \u00een vedere un interes legitim al operatorului.<\/p>\n<p><strong>Dreptul la rectificare<\/strong>\u00a0se refer\u0103 la corectarea, f\u0103r\u0103 \u00eent\u00e2rzieri nejustificate, a datelor cu caracter personal inexacte. Rectificarea va fi comunicat\u0103 fiec\u0103rui destinatar la care au fost transmise datele, cu excep\u021bia cazului \u00een care acest lucru se dovede\u0219te imposibil sau presupune eforturi dispropor\u021bionate.<\/p>\n<p><strong>Dreptul la \u0219tergerea datelor<\/strong>\u00a0(&#8220;dreptul de a fi uitat&#8221;) \u00eenseamn\u0103 c\u0103 ave\u021bi dreptul de a solicita s\u0103 v\u0103 \u0219tergem datele cu caracter personal, f\u0103r\u0103 \u00eent\u00e2rzieri nejustificate, \u00een cazul \u00een care se aplic\u0103 unul dintre urm\u0103toarele motive: acestea nu mai sunt necesare pentru \u00eendeplinirea scopurilor pentru care au fost colectate sau prelucrate; va retrage\u021bi consim\u021b\u0103m\u00e2ntul \u0219i nu exist\u0103 niciun alt temei juridic pentru prelucrare; va opune\u021bi prelucr\u0103rii \u0219i nu exist\u0103 motive legitime care s\u0103 prevaleze; datele cu caracter personal au fost prelucrate ilegal; datele cu caracter personal trebuie \u0219terse pentru respectarea unei obliga\u021bii legale; datele cu caracter personal au fost colectate \u00een leg\u0103tur\u0103 cu oferirea de servicii ale societ\u0103\u021bii informa\u021bionale.<\/p>\n<p>Prin accesarea site-ului nostru pot fi procesate, dar f\u0103r\u0103 a se limita la acestea, urm\u0103toarele date:<\/p>\n<ul>\n<li>Adresa IP a computerului de la care se face accesarea;<\/li>\n<li>Data \u0219i ora acces\u0103rii sau solicit\u0103rii;<\/li>\n<li>Denumirea paginii accesate\/fi\u0219ierului accesat;<\/li>\n<li>Browser-ul folosit de c\u0103tre utilizator, inclusiv versiunea browser-ului;<\/li>\n<li>Sistemul de operare folosit de c\u0103tre utilizator;<\/li>\n<\/ul>\n<p>\u00cen acest context sunt utilizate \u0219i cookie-uri.<\/p>\n<p>Cookie-urile sunt fi\u0219iere-text salvate pe computerul vizitatorului paginii web, permi\u021b\u00e2nd astfel recunoa\u0219terea unui utilizator anonim.<\/p>\n<p>Pe aceast\u0103 pagin\u0103 web sunt folosite cookie-uri pentru a putea realiza un protocol mai exact al accesarilor paginii web.<\/p>\n<p>Ave\u021bi \u00een orice moment posibilitatea de a dezactiva cookie-urile acestei pagini web. Va rug\u0103m s\u0103 ave\u021bi \u00een vedere c\u0103 dezactivarea cookie-urilor restr\u00e2nge func\u021bionalitatea paginii web.<\/p>\n<p>You can contact our data protection officer writing at the following e-mail address: dpo@munteniainvest.ro <\/p>\n","protected":false},"excerpt":{"rendered":"<p>Colectarea \u0219i prelucrarea datelor cu caracter personal Site-ul\u00a0https:\/\/www.longshield.ro\/\u00a0reprezint\u0103 platforma online sub care comunic\u0103 Societatea de Investitii Financiare\u00a0 MUNTENIA SA cu sediul \u00een Bucure\u015ft, Splaiul Unirii nr.16, sector 4, \u00eenregistrat\u0103 la Registrul Comer\u0163ului sub num\u0103rul J40\/27499\/1992, Cod fiscal 3168735. Datele cu caracter personal vor fi stocate \u00een conformitate cu Regulamentul European nr. 679\/2016(\u00een continuare \u201cRegulament\u201d sau [&hellip;]<\/p>\n","protected":false},"author":4,"featured_media":0,"parent":0,"menu_order":100,"comment_status":"closed","ping_status":"closed","template":"","meta":{"footnotes":""},"class_list":["post-2191","page","type-page","status-publish","hentry"],"_links":{"self":[{"href":"https:\/\/www.longshield.ro\/en\/wp-json\/wp\/v2\/pages\/2191","targetHints":{"allow":["GET"]}}],"collection":[{"href":"https:\/\/www.longshield.ro\/en\/wp-json\/wp\/v2\/pages"}],"about":[{"href":"https:\/\/www.longshield.ro\/en\/wp-json\/wp\/v2\/types\/page"}],"author":[{"embeddable":true,"href":"https:\/\/www.longshield.ro\/en\/wp-json\/wp\/v2\/users\/4"}],"replies":[{"embeddable":true,"href":"https:\/\/www.longshield.ro\/en\/wp-json\/wp\/v2\/comments?post=2191"}],"version-history":[{"count":5,"href":"https:\/\/www.longshield.ro\/en\/wp-json\/wp\/v2\/pages\/2191\/revisions"}],"predecessor-version":[{"id":3556,"href":"https:\/\/www.longshield.ro\/en\/wp-json\/wp\/v2\/pages\/2191\/revisions\/3556"}],"wp:attachment":[{"href":"https:\/\/www.longshield.ro\/en\/wp-json\/wp\/v2\/media?parent=2191"}],"curies":[{"name":"wp","href":"https:\/\/api.w.org\/{rel}","templated":true}]}}